{"id":2,"date":"2021-11-17T11:18:03","date_gmt":"2021-11-17T11:18:03","guid":{"rendered":"https:\/\/insound.in\/?page_id=2"},"modified":"2022-01-28T12:35:39","modified_gmt":"2022-01-28T12:35:39","slug":"waitling-list","status":"publish","type":"page","link":"https:\/\/insound.in\/en\/waitling-list\/","title":{"rendered":"Meet your new creative cluster."},"content":{"rendered":"\r\n<div role=\"form\" class=\"wpcf7\" id=\"wpcf7-f5-o1\" lang=\"en-US\" dir=\"ltr\">\n<div class=\"screen-reader-response\"><p role=\"status\" aria-live=\"polite\" aria-atomic=\"true\"><\/p> <ul><\/ul><\/div>\n<form action=\"\/en\/wp-json\/wp\/v2\/pages\/2#wpcf7-f5-o1\" method=\"post\" class=\"wpcf7-form init\" novalidate=\"novalidate\" data-status=\"init\">\n<div style=\"display: none;\">\n<input type=\"hidden\" name=\"_wpcf7\" value=\"5\" \/>\n<input type=\"hidden\" name=\"_wpcf7_version\" value=\"5.6\" \/>\n<input type=\"hidden\" name=\"_wpcf7_locale\" value=\"en_US\" \/>\n<input type=\"hidden\" name=\"_wpcf7_unit_tag\" value=\"wpcf7-f5-o1\" \/>\n<input type=\"hidden\" name=\"_wpcf7_container_post\" value=\"0\" \/>\n<input type=\"hidden\" name=\"_wpcf7_posted_data_hash\" value=\"\" \/>\n<input type=\"hidden\" name=\"_wpcf7cf_hidden_group_fields\" value=\"[]\" \/>\n<input type=\"hidden\" name=\"_wpcf7cf_hidden_groups\" value=\"[]\" \/>\n<input type=\"hidden\" name=\"_wpcf7cf_visible_groups\" value=\"[]\" \/>\n<input type=\"hidden\" name=\"_wpcf7cf_repeaters\" value=\"[]\" \/>\n<input type=\"hidden\" name=\"_wpcf7cf_steps\" value=\"[]\" \/>\n<input type=\"hidden\" name=\"_wpcf7cf_options\" value=\"{&quot;form_id&quot;:5,&quot;conditions&quot;:[{&quot;then_field&quot;:&quot;qualAtividade&quot;,&quot;and_rules&quot;:[{&quot;if_field&quot;:&quot;atividade&quot;,&quot;operator&quot;:&quot;equals&quot;,&quot;if_value&quot;:&quot;- ...&quot;}]}],&quot;settings&quot;:{&quot;animation&quot;:&quot;yes&quot;,&quot;animation_intime&quot;:200,&quot;animation_outtime&quot;:200,&quot;conditions_ui&quot;:&quot;normal&quot;,&quot;notice_dismissed&quot;:false}}\" \/>\n<input type=\"hidden\" name=\"lang\" value=\"en\" \/>\n<input type=\"hidden\" name=\"_wpcf7_recaptcha_response\" value=\"\" \/>\n<\/div>\n<div class=\"col-12\">\n\n  <div class=\"row  \">\n<div class=\"col-12\" style=\"height:1rem\"><\/div>\n    <div class=\"col-12 d-md-none d-block mb-3\">\n      <a class=\"close-page-coming-soon-link float-right \"><div class=\"col-12\" style=\"height:1rem\"><\/div><span class=\"gdpr-icon moovegdpr-arrow-close\"><\/span><\/a>\n    <\/div>\n    <div class=\"col-md-6 col-12\">\n<p>(EN)InSound is a creative sonic cluster with professional and soundproof studios for music professionals.<\/p>\n<p>We want to offer you the best space in town to develop your artistic and professional skills with the support of a community of musicians, artists, producers, sound engineers and a pool of partners and technical services that keeps growing and growing.<\/p> \n\n<p> In the music industry, we know that sometimes it is really hard to do it all on your own. As we go along the way, we need a really supportive team that will always have our back and that are ready to share their knowledge with others. At InSound, you\u2019ll find the right tools to grow and help others unlocking the most creative corners of their mind. Meet your new creative cluster. \n<\/p>\n      <div class=\"row  \">\n        <div class=\" col-12 text-start contact-form-7-height-fixed\">\n          <span class=\"wpcf7-form-control-wrap\" data-name=\"newsletterNome\"><input type=\"text\" name=\"newsletterNome\" value=\"\" size=\"40\" class=\"wpcf7-form-control wpcf7-text wpcf7-validates-as-required\" id=\"onewsletterNome\" aria-required=\"true\" aria-invalid=\"false\" placeholder=\"Name*\" \/><\/span>\n        <\/div>\n        <div class=\" col-12 text-start contact-form-7-height-fixed\">\n          <span class=\"wpcf7-form-control-wrap\" data-name=\"newsletterEmail\"><input type=\"email\" name=\"newsletterEmail\" value=\"\" size=\"40\" class=\"wpcf7-form-control wpcf7-text wpcf7-email wpcf7-validates-as-required wpcf7-validates-as-email\" id=\"onewsletterEmail\" aria-required=\"true\" aria-invalid=\"false\" placeholder=\"E-mail*\" \/><\/span>\n        <\/div>\n        <div class=\" col-12  text-start select-wrapper contact-form-7-height-fixed\">\n          <span class=\"wpcf7-form-control-wrap\" data-name=\"tamanho\"><select name=\"tamanho\" class=\"wpcf7-form-control wpcf7-select wpcf7-validates-as-required\" id=\"otamanho\" aria-required=\"true\" aria-invalid=\"false\"><option value=\"\">I want to rent a room this big:*<\/option><option value=\"- small (9.62m\u00b2 \/ 10.20m\u00b2)\">- small (9.62m\u00b2 \/ 10.20m\u00b2)<\/option><option value=\"- medium (10.67m\u00b2 \/ 11.87m\u00b2)\">- medium (10.67m\u00b2 \/ 11.87m\u00b2)<\/option><option value=\"- large (12.30m\u00b2 \/ 12.41m\u00b2)\">- large (12.30m\u00b2 \/ 12.41m\u00b2)<\/option><\/select><\/span>\n        <\/div>\n        <div class=\" col-12  text-start select-wrapper contact-form-7-height-fixed\">\n\n          <span class=\"wpcf7-form-control-wrap\" data-name=\"intuito\"><select name=\"intuito\" class=\"wpcf7-form-control wpcf7-select wpcf7-validates-as-required\" id=\"ointuito\" aria-required=\"true\" aria-invalid=\"false\"><option value=\"\">This space is:*<\/option><option value=\"- only for me\">- only for me<\/option><option value=\"- to share with other people\">- to share with other people<\/option><\/select><\/span>\n        <\/div>\n        <div class=\" col-12 text-start select-wrapper contact-form-7-height-fixed\">\n\n          <span class=\"wpcf7-form-control-wrap\" data-name=\"interesse\"><select name=\"interesse\" class=\"wpcf7-form-control wpcf7-select wpcf7-validates-as-required\" id=\"ointeresse\" aria-required=\"true\" aria-invalid=\"false\"><option value=\"\">For now, i&#039;m interested in renting for:*<\/option><option value=\"- 1 month\">- 1 month<\/option><option value=\"- up to 6 months\">- up to 6 months<\/option><option value=\"- 1 year\">- 1 year<\/option><option value=\"- over 1 year\">- over 1 year<\/option><\/select><\/span>\n        <\/div>\n        <div class=\" col-12 text-start select-wrapper \">\n\n          <span class=\"wpcf7-form-control-wrap\" data-name=\"atividade\"><select name=\"atividade\" class=\"wpcf7-form-control wpcf7-select wpcf7-validates-as-required\" id=\"oatividade\" aria-required=\"true\" aria-invalid=\"false\"><option value=\"\">My primary activity is:*<\/option><option value=\"- musician \/ musical artist\">- musician \/ musical artist<\/option><option value=\"- musical producer\">- musical producer<\/option><option value=\"- sound engineer\">- sound engineer<\/option><option value=\"- teacher\">- teacher<\/option><option value=\"- band player\">- band player<\/option><option value=\"- ...\">- ...<\/option><\/select><\/span>\n          <div data-id=\"qualAtividade\" data-orig_data_id=\"qualAtividade\"  data-class=\"wpcf7cf_group\"><span class=\"wpcf7-form-control-wrap\" data-name=\"outraAtividade\"><input type=\"text\" name=\"outraAtividade\" value=\"\" size=\"40\" class=\"wpcf7-form-control wpcf7-text wpcf7-validates-as-required\" aria-required=\"true\" aria-invalid=\"false\" placeholder=\"Add in this box the activity*\" \/><\/span><\/div>\n        <\/div>\n        <div class=\"col-12 text-start contact-form-7-height-fixed-acceptance\">\n          <span class=\"wpcf7-form-control-wrap\" data-name=\"TermosUsoPoliticaPrivacidade\"><span class=\"wpcf7-form-control wpcf7-acceptance\"><span class=\"wpcf7-list-item\"><label><input type=\"checkbox\" name=\"TermosUsoPoliticaPrivacidade\" value=\"1\" aria-invalid=\"false\" id=\"oTermosUsoPoliticaPrivacidade\" \/><span class=\"wpcf7-list-item-label\">By filling this form, I declare that I've read and agreed with the <a class=\"page-coming-soon-go-link\" href=\"https:\/\/insound.in\/en\/politica-de-privacidade-insound\" target=\"_blank\">privacy policy<\/a> of this website.*<\/span><\/label><\/span><\/span><\/span>\n        <\/div>\n        <div class=\"col-12 row pr-0\">\n          <div class=\"col-xl-4 col-lg-5 col-md-6 col-8 text-lg-none text-start \">\n            <input type=\"submit\" value=\"Send\" class=\"wpcf7-form-control has-spinner wpcf7-submit\" \/>\n          <\/div>\n          <div class=\"col-xl-8 col-lg-7 col-md-6 col-4 pl-0 pt-2   pr-0\">\n            <div class=\"validate-color float-end\">&nbsp;<\/div>\n          <\/div>\n<div class=\"col-12 row\">\n          <div class=\"wpcf7-response-output\" aria-hidden=\"true\"><\/div>\n<\/div>\n        <\/div>\n      <\/div>\n    <\/div>\n    <div class=\"col-md-4 offset-md-1 col-12 mt-1 \">\n      <div class=\"col-md-1 d-md-none d-block\" style=\"height:2rem\"><\/div>\n       <img src=\"https:\/\/insound.in\/wp-content\/uploads\/2022\/01\/mapa-new.png\" alt=\"InSound Address map\" \/>\n      <div class=\"col-md-1 d-md-none d-block\" style=\"height:1rem\"><\/div>\n      <p><br\/>Address: Rua Manuel dos Santos 17 1900-317 Lisboa<br \/>\n        For more information, follow our <a href=\"linkdoinstagram\" class=\"page-coming-soon-go-link\" target=\"_blank\">Instagram<\/a>!<\/p>\n    <\/div>\n    <div class=\"col-md-1 d-md-block d-none\">\n      <a class=\"close-page-coming-soon-link float-right \"><div class=\"col-12\" style=\"height:1rem\"><\/div><span class=\"gdpr-icon moovegdpr-arrow-close\"><\/span><\/a>\n    <\/div>\n  <\/div>\n<\/div><\/form><\/div>\r\n<p>&nbsp;<\/p>\r\n<p>This is an example page. It&#8217;s different from a blog post because it will stay in one place and will show up in your site navigation (in most themes). Most people start with an About page that introduces them to potential site visitors. It might say something like this:<\/p><\/p>\r\n\r\n\r\n\r\n<blockquote class=\"wp-block-quote\"><p>Hi there! I&#8217;m a bike messenger by day, aspiring actor by night, and this is my website. I live in Los Angeles, have a great dog named Jack, and I like pi\u00f1a coladas. (And gettin&#8217; caught in the rain.)<\/p><\/blockquote>\r\n\r\n\r\n\r\n<p>&#8230;or something like this:<\/p>\r\n\r\n\r\n\r\n<blockquote class=\"wp-block-quote\"><p>The XYZ Doohickey Company was founded in 1971, and has been providing quality doohickeys to the public ever since. Located in Gotham City, XYZ employs over 2,000 people and does all kinds of awesome things for the Gotham community.<\/p><\/blockquote>\r\n\r\n\r\n\r\n<p>As a new WordPress user, you should go to <a href=\"https:\/\/insound.in\/wp-admin\/\">your dashboard<\/a> to delete this page and create new pages for your content. Have fun!<\/p>\r\n","protected":false},"excerpt":{"rendered":"<p>&nbsp; This is an example page. It&#8217;s different from a blog post because it will stay in one place and will show up in your site navigation (in most themes). Most people start with an About page that introduces them to potential site visitors. It might say something like this: Hi there! I&#8217;m a bike [&hellip;]<\/p>\n","protected":false},"author":1,"featured_media":0,"parent":0,"menu_order":12,"comment_status":"closed","ping_status":"open","template":"page-coming-soon.php","meta":[],"acf":[],"yoast_head":"<!-- This site is optimized with the Yoast SEO plugin v19.1 - https:\/\/yoast.com\/wordpress\/plugins\/seo\/ -->\n<title>Preenche o formul\u00e1rio para a waiting list - InSound<\/title>\n<meta name=\"description\" content=\"O InSound \u00e9 um n\u00facleo criativo de est\u00fadios insonorizados para profissionais na \u00e1rea de m\u00fasica. Meet your new creative cluster.\" \/>\n<meta name=\"robots\" content=\"index, follow, max-snippet:-1, max-image-preview:large, max-video-preview:-1\" \/>\n<link rel=\"canonical\" href=\"https:\/\/insound.in\/en\/waitling-list\/\" \/>\n<meta property=\"og:locale\" content=\"en_US\" \/>\n<meta property=\"og:type\" content=\"article\" \/>\n<meta property=\"og:title\" content=\"Preenche o formul\u00e1rio para a waiting list - InSound\" \/>\n<meta property=\"og:description\" content=\"O InSound \u00e9 um n\u00facleo criativo de est\u00fadios insonorizados para profissionais na \u00e1rea de m\u00fasica. Meet your new creative cluster.\" \/>\n<meta property=\"og:url\" content=\"https:\/\/insound.in\/en\/waitling-list\/\" \/>\n<meta property=\"og:site_name\" content=\"insound\" \/>\n<meta property=\"article:modified_time\" content=\"2022-01-28T12:35:39+00:00\" \/>\n<meta name=\"twitter:card\" content=\"summary_large_image\" \/>\n<meta name=\"twitter:label1\" content=\"Est. reading time\" \/>\n\t<meta name=\"twitter:data1\" content=\"2 minutes\" \/>\n<script type=\"application\/ld+json\" class=\"yoast-schema-graph\">{\"@context\":\"https:\/\/schema.org\",\"@graph\":[{\"@type\":\"Organization\",\"@id\":\"https:\/\/insound.in\/#organization\",\"name\":\"InSound\",\"url\":\"https:\/\/insound.in\/\",\"sameAs\":[],\"logo\":{\"@type\":\"ImageObject\",\"inLanguage\":\"en-US\",\"@id\":\"https:\/\/insound.in\/#\/schema\/logo\/image\/\",\"url\":\"https:\/\/insound.in\/wp-content\/uploads\/2021\/11\/IS_LOGO-LONG-000200.png\",\"contentUrl\":\"https:\/\/insound.in\/wp-content\/uploads\/2021\/11\/IS_LOGO-LONG-000200.png\",\"width\":320,\"height\":78,\"caption\":\"InSound\"},\"image\":{\"@id\":\"https:\/\/insound.in\/#\/schema\/logo\/image\/\"}},{\"@type\":\"WebSite\",\"@id\":\"https:\/\/insound.in\/#website\",\"url\":\"https:\/\/insound.in\/\",\"name\":\"insound\",\"description\":\"Just another WordPress site\",\"publisher\":{\"@id\":\"https:\/\/insound.in\/#organization\"},\"potentialAction\":[{\"@type\":\"SearchAction\",\"target\":{\"@type\":\"EntryPoint\",\"urlTemplate\":\"https:\/\/insound.in\/?s={search_term_string}\"},\"query-input\":\"required name=search_term_string\"}],\"inLanguage\":\"en-US\"},{\"@type\":\"WebPage\",\"@id\":\"https:\/\/insound.in\/en\/waitling-list\/#webpage\",\"url\":\"https:\/\/insound.in\/en\/waitling-list\/\",\"name\":\"Preenche o formul\u00e1rio para a waiting list - InSound\",\"isPartOf\":{\"@id\":\"https:\/\/insound.in\/#website\"},\"datePublished\":\"2021-11-17T11:18:03+00:00\",\"dateModified\":\"2022-01-28T12:35:39+00:00\",\"description\":\"O InSound \u00e9 um n\u00facleo criativo de est\u00fadios insonorizados para profissionais na \u00e1rea de m\u00fasica. Meet your new creative cluster.\",\"breadcrumb\":{\"@id\":\"https:\/\/insound.in\/en\/waitling-list\/#breadcrumb\"},\"inLanguage\":\"en-US\",\"potentialAction\":[{\"@type\":\"ReadAction\",\"target\":[\"https:\/\/insound.in\/en\/waitling-list\/\"]}]},{\"@type\":\"BreadcrumbList\",\"@id\":\"https:\/\/insound.in\/en\/waitling-list\/#breadcrumb\",\"itemListElement\":[{\"@type\":\"ListItem\",\"position\":1,\"name\":\"Home\",\"item\":\"https:\/\/insound.in\/\"},{\"@type\":\"ListItem\",\"position\":2,\"name\":\"Meet your new creative cluster.\"}]}]}<\/script>\n<!-- \/ Yoast SEO plugin. -->","yoast_head_json":{"title":"Preenche o formul\u00e1rio para a waiting list - InSound","description":"O InSound \u00e9 um n\u00facleo criativo de est\u00fadios insonorizados para profissionais na \u00e1rea de m\u00fasica. Meet your new creative cluster.","robots":{"index":"index","follow":"follow","max-snippet":"max-snippet:-1","max-image-preview":"max-image-preview:large","max-video-preview":"max-video-preview:-1"},"canonical":"https:\/\/insound.in\/en\/waitling-list\/","og_locale":"en_US","og_type":"article","og_title":"Preenche o formul\u00e1rio para a waiting list - InSound","og_description":"O InSound \u00e9 um n\u00facleo criativo de est\u00fadios insonorizados para profissionais na \u00e1rea de m\u00fasica. Meet your new creative cluster.","og_url":"https:\/\/insound.in\/en\/waitling-list\/","og_site_name":"insound","article_modified_time":"2022-01-28T12:35:39+00:00","twitter_card":"summary_large_image","twitter_misc":{"Est. reading time":"2 minutes"},"schema":{"@context":"https:\/\/schema.org","@graph":[{"@type":"Organization","@id":"https:\/\/insound.in\/#organization","name":"InSound","url":"https:\/\/insound.in\/","sameAs":[],"logo":{"@type":"ImageObject","inLanguage":"en-US","@id":"https:\/\/insound.in\/#\/schema\/logo\/image\/","url":"https:\/\/insound.in\/wp-content\/uploads\/2021\/11\/IS_LOGO-LONG-000200.png","contentUrl":"https:\/\/insound.in\/wp-content\/uploads\/2021\/11\/IS_LOGO-LONG-000200.png","width":320,"height":78,"caption":"InSound"},"image":{"@id":"https:\/\/insound.in\/#\/schema\/logo\/image\/"}},{"@type":"WebSite","@id":"https:\/\/insound.in\/#website","url":"https:\/\/insound.in\/","name":"insound","description":"Just another WordPress site","publisher":{"@id":"https:\/\/insound.in\/#organization"},"potentialAction":[{"@type":"SearchAction","target":{"@type":"EntryPoint","urlTemplate":"https:\/\/insound.in\/?s={search_term_string}"},"query-input":"required name=search_term_string"}],"inLanguage":"en-US"},{"@type":"WebPage","@id":"https:\/\/insound.in\/en\/waitling-list\/#webpage","url":"https:\/\/insound.in\/en\/waitling-list\/","name":"Preenche o formul\u00e1rio para a waiting list - InSound","isPartOf":{"@id":"https:\/\/insound.in\/#website"},"datePublished":"2021-11-17T11:18:03+00:00","dateModified":"2022-01-28T12:35:39+00:00","description":"O InSound \u00e9 um n\u00facleo criativo de est\u00fadios insonorizados para profissionais na \u00e1rea de m\u00fasica. Meet your new creative cluster.","breadcrumb":{"@id":"https:\/\/insound.in\/en\/waitling-list\/#breadcrumb"},"inLanguage":"en-US","potentialAction":[{"@type":"ReadAction","target":["https:\/\/insound.in\/en\/waitling-list\/"]}]},{"@type":"BreadcrumbList","@id":"https:\/\/insound.in\/en\/waitling-list\/#breadcrumb","itemListElement":[{"@type":"ListItem","position":1,"name":"Home","item":"https:\/\/insound.in\/"},{"@type":"ListItem","position":2,"name":"Meet your new creative cluster."}]}]}},"_links":{"self":[{"href":"https:\/\/insound.in\/en\/wp-json\/wp\/v2\/pages\/2"}],"collection":[{"href":"https:\/\/insound.in\/en\/wp-json\/wp\/v2\/pages"}],"about":[{"href":"https:\/\/insound.in\/en\/wp-json\/wp\/v2\/types\/page"}],"author":[{"embeddable":true,"href":"https:\/\/insound.in\/en\/wp-json\/wp\/v2\/users\/1"}],"replies":[{"embeddable":true,"href":"https:\/\/insound.in\/en\/wp-json\/wp\/v2\/comments?post=2"}],"version-history":[{"count":11,"href":"https:\/\/insound.in\/en\/wp-json\/wp\/v2\/pages\/2\/revisions"}],"predecessor-version":[{"id":3568,"href":"https:\/\/insound.in\/en\/wp-json\/wp\/v2\/pages\/2\/revisions\/3568"}],"wp:attachment":[{"href":"https:\/\/insound.in\/en\/wp-json\/wp\/v2\/media?parent=2"}],"curies":[{"name":"wp","href":"https:\/\/api.w.org\/{rel}","templated":true}]}}